{"id":534,"date":"2015-06-12T08:28:27","date_gmt":"2015-06-12T06:28:27","guid":{"rendered":"http:\/\/douce-naissance.com\/blog\/?page_id=534"},"modified":"2018-05-25T04:00:14","modified_gmt":"2018-05-25T02:00:14","slug":"pc-cours-1-site-2","status":"publish","type":"page","link":"https:\/\/douce-naissance.com\/blog\/pc-cours-1-site-2\/","title":{"rendered":"Douce-naissance, cour1 gratuit"},"content":{"rendered":"","protected":false},"excerpt":{"rendered":"","protected":false},"author":1,"featured_media":0,"parent":0,"menu_order":0,"comment_status":"open","ping_status":"open","template":"","meta":{"footnotes":""},"yoast_head":"<!-- This site is optimized with the Yoast SEO plugin v22.6 - https:\/\/yoast.com\/wordpress\/plugins\/seo\/ -->\n<title>Douce-naissance, cour1 gratuit<\/title>\n<meta name=\"robots\" content=\"index, follow, max-snippet:-1, max-image-preview:large, max-video-preview:-1\" \/>\n<link rel=\"canonical\" href=\"https:\/\/douce-naissance.com\/blog\/pc-cours-1-site-2\/\" \/>\n<meta property=\"og:locale\" content=\"fr_FR\" \/>\n<meta property=\"og:type\" content=\"article\" \/>\n<meta property=\"og:title\" content=\"Douce-naissance, cour1 gratuit\" \/>\n<meta property=\"og:url\" content=\"https:\/\/douce-naissance.com\/blog\/pc-cours-1-site-2\/\" \/>\n<meta property=\"og:site_name\" content=\"Accoucher en douceur !\" \/>\n<meta property=\"article:modified_time\" content=\"2018-05-25T02:00:14+00:00\" \/>\n<script type=\"application\/ld+json\" class=\"yoast-schema-graph\">{\"@context\":\"https:\/\/schema.org\",\"@graph\":[{\"@type\":\"WebPage\",\"@id\":\"https:\/\/douce-naissance.com\/blog\/pc-cours-1-site-2\/\",\"url\":\"https:\/\/douce-naissance.com\/blog\/pc-cours-1-site-2\/\",\"name\":\"Douce-naissance, cour1 gratuit\",\"isPartOf\":{\"@id\":\"https:\/\/douce-naissance.com\/blog\/#website\"},\"datePublished\":\"2015-06-12T06:28:27+00:00\",\"dateModified\":\"2018-05-25T02:00:14+00:00\",\"breadcrumb\":{\"@id\":\"https:\/\/douce-naissance.com\/blog\/pc-cours-1-site-2\/#breadcrumb\"},\"inLanguage\":\"fr-FR\",\"potentialAction\":[{\"@type\":\"ReadAction\",\"target\":[\"https:\/\/douce-naissance.com\/blog\/pc-cours-1-site-2\/\"]}]},{\"@type\":\"BreadcrumbList\",\"@id\":\"https:\/\/douce-naissance.com\/blog\/pc-cours-1-site-2\/#breadcrumb\",\"itemListElement\":[{\"@type\":\"ListItem\",\"position\":1,\"name\":\"Accueil\",\"item\":\"https:\/\/douce-naissance.com\/blog\/\"},{\"@type\":\"ListItem\",\"position\":2,\"name\":\"Douce-naissance, cour1 gratuit\"}]},{\"@type\":\"WebSite\",\"@id\":\"https:\/\/douce-naissance.com\/blog\/#website\",\"url\":\"https:\/\/douce-naissance.com\/blog\/\",\"name\":\"Accoucher en douceur !\",\"description\":\"Apprenez \u00e0 laisser votre corps faire ce qu&#039;il sait : donner naissance \u00e0 votre b\u00e9b\u00e9.\",\"potentialAction\":[{\"@type\":\"SearchAction\",\"target\":{\"@type\":\"EntryPoint\",\"urlTemplate\":\"https:\/\/douce-naissance.com\/blog\/?s={search_term_string}\"},\"query-input\":\"required name=search_term_string\"}],\"inLanguage\":\"fr-FR\"}]}<\/script>\n<!-- \/ Yoast SEO plugin. -->","yoast_head_json":{"title":"Douce-naissance, cour1 gratuit","robots":{"index":"index","follow":"follow","max-snippet":"max-snippet:-1","max-image-preview":"max-image-preview:large","max-video-preview":"max-video-preview:-1"},"canonical":"https:\/\/douce-naissance.com\/blog\/pc-cours-1-site-2\/","og_locale":"fr_FR","og_type":"article","og_title":"Douce-naissance, cour1 gratuit","og_url":"https:\/\/douce-naissance.com\/blog\/pc-cours-1-site-2\/","og_site_name":"Accoucher en douceur !","article_modified_time":"2018-05-25T02:00:14+00:00","schema":{"@context":"https:\/\/schema.org","@graph":[{"@type":"WebPage","@id":"https:\/\/douce-naissance.com\/blog\/pc-cours-1-site-2\/","url":"https:\/\/douce-naissance.com\/blog\/pc-cours-1-site-2\/","name":"Douce-naissance, cour1 gratuit","isPartOf":{"@id":"https:\/\/douce-naissance.com\/blog\/#website"},"datePublished":"2015-06-12T06:28:27+00:00","dateModified":"2018-05-25T02:00:14+00:00","breadcrumb":{"@id":"https:\/\/douce-naissance.com\/blog\/pc-cours-1-site-2\/#breadcrumb"},"inLanguage":"fr-FR","potentialAction":[{"@type":"ReadAction","target":["https:\/\/douce-naissance.com\/blog\/pc-cours-1-site-2\/"]}]},{"@type":"BreadcrumbList","@id":"https:\/\/douce-naissance.com\/blog\/pc-cours-1-site-2\/#breadcrumb","itemListElement":[{"@type":"ListItem","position":1,"name":"Accueil","item":"https:\/\/douce-naissance.com\/blog\/"},{"@type":"ListItem","position":2,"name":"Douce-naissance, cour1 gratuit"}]},{"@type":"WebSite","@id":"https:\/\/douce-naissance.com\/blog\/#website","url":"https:\/\/douce-naissance.com\/blog\/","name":"Accoucher en douceur !","description":"Apprenez \u00e0 laisser votre corps faire ce qu&#039;il sait : donner naissance \u00e0 votre b\u00e9b\u00e9.","potentialAction":[{"@type":"SearchAction","target":{"@type":"EntryPoint","urlTemplate":"https:\/\/douce-naissance.com\/blog\/?s={search_term_string}"},"query-input":"required name=search_term_string"}],"inLanguage":"fr-FR"}]}},"_links":{"self":[{"href":"https:\/\/douce-naissance.com\/blog\/wp-json\/wp\/v2\/pages\/534"}],"collection":[{"href":"https:\/\/douce-naissance.com\/blog\/wp-json\/wp\/v2\/pages"}],"about":[{"href":"https:\/\/douce-naissance.com\/blog\/wp-json\/wp\/v2\/types\/page"}],"author":[{"embeddable":true,"href":"https:\/\/douce-naissance.com\/blog\/wp-json\/wp\/v2\/users\/1"}],"replies":[{"embeddable":true,"href":"https:\/\/douce-naissance.com\/blog\/wp-json\/wp\/v2\/comments?post=534"}],"version-history":[{"count":2,"href":"https:\/\/douce-naissance.com\/blog\/wp-json\/wp\/v2\/pages\/534\/revisions"}],"predecessor-version":[{"id":644,"href":"https:\/\/douce-naissance.com\/blog\/wp-json\/wp\/v2\/pages\/534\/revisions\/644"}],"wp:attachment":[{"href":"https:\/\/douce-naissance.com\/blog\/wp-json\/wp\/v2\/media?parent=534"}],"curies":[{"name":"wp","href":"https:\/\/api.w.org\/{rel}","templated":true}]}}