{"id":517,"date":"2015-06-01T14:41:14","date_gmt":"2015-06-01T12:41:14","guid":{"rendered":"http:\/\/douce-naissance.com\/blog\/?page_id=517"},"modified":"2015-06-01T14:44:08","modified_gmt":"2015-06-01T12:44:08","slug":"a-propos","status":"publish","type":"page","link":"https:\/\/douce-naissance.com\/blog\/","title":{"rendered":"\u00c0 propos"},"content":{"rendered":"<h1>Explications de Douce-naissance :\u00a0<\/h1>\n<h2>En mots<\/h2>\n<p><span style=\"color: #0000ff;\"><a style=\"color: #0000ff;\" href=\"https:\/\/douce-naissance.com\/blog\/douce-naissance\/\">Ce que Douce-naissance et Sylvie Guilbault vous apportent<\/a><\/span><\/p>\n<h2>En vid\u00e9os :\u00a0<\/h2>\n<p><span style=\"color: #0000ff;\"><a style=\"color: #0000ff;\" href=\"https:\/\/douce-naissance.com\/blog\/temoignage-accouchement\/\">Vid\u00e9o t\u00e9moignages de 3 couples, ayant suivi Douce-naissance<\/a><\/span><\/p>\n<p><span style=\"color: #0000ff;\"><a style=\"color: #0000ff;\" href=\"https:\/\/douce-naissance.com\/blog\/video-accouchement\/\">Vid\u00e9o d\u2019un accouchement avec Douce-naissance.<\/a><\/span><\/p>\n<p><span style=\"color: #0000ff;\"><a style=\"color: #0000ff;\" href=\"https:\/\/douce-naissance.com\/blog\/sylvie-guilbault\/\">Vid\u00e9o : entrevue avec Sylvie Guilbault<\/a><\/span><\/p>\n","protected":false},"excerpt":{"rendered":"<p>Explications de Douce-naissance :\u00a0 En mots Ce que Douce-naissance et Sylvie Guilbault vous apportent En vid\u00e9os :\u00a0 Vid\u00e9o t\u00e9moignages de 3 couples, ayant suivi Douce-naissance Vid\u00e9o d\u2019un accouchement avec Douce-naissance. Vid\u00e9o : entrevue avec Sylvie Guilbault<\/p>\n","protected":false},"author":1,"featured_media":0,"parent":0,"menu_order":0,"comment_status":"open","ping_status":"open","template":"","meta":{"footnotes":""},"yoast_head":"<!-- This site is optimized with the Yoast SEO plugin v22.6 - https:\/\/yoast.com\/wordpress\/plugins\/seo\/ -->\n<title>\u00c0 propos<\/title>\n<meta name=\"robots\" content=\"index, follow, max-snippet:-1, max-image-preview:large, max-video-preview:-1\" \/>\n<link rel=\"canonical\" href=\"https:\/\/douce-naissance.com\/blog\/\" \/>\n<meta property=\"og:locale\" content=\"fr_FR\" \/>\n<meta property=\"og:type\" content=\"article\" \/>\n<meta property=\"og:title\" content=\"\u00c0 propos\" \/>\n<meta property=\"og:description\" content=\"Explications de Douce-naissance :\u00a0 En mots Ce que Douce-naissance et Sylvie Guilbault vous apportent En vid\u00e9os :\u00a0 Vid\u00e9o t\u00e9moignages de 3 couples, ayant suivi Douce-naissance Vid\u00e9o d\u2019un accouchement avec Douce-naissance. Vid\u00e9o : entrevue avec Sylvie Guilbault\" \/>\n<meta property=\"og:url\" content=\"https:\/\/douce-naissance.com\/blog\/\" \/>\n<meta property=\"og:site_name\" content=\"Accoucher en douceur !\" \/>\n<meta property=\"article:modified_time\" content=\"2015-06-01T12:44:08+00:00\" \/>\n<script type=\"application\/ld+json\" class=\"yoast-schema-graph\">{\"@context\":\"https:\/\/schema.org\",\"@graph\":[{\"@type\":\"WebPage\",\"@id\":\"https:\/\/douce-naissance.com\/blog\/\",\"url\":\"https:\/\/douce-naissance.com\/blog\/\",\"name\":\"\u00c0 propos\",\"isPartOf\":{\"@id\":\"https:\/\/douce-naissance.com\/blog\/#website\"},\"datePublished\":\"2015-06-01T12:41:14+00:00\",\"dateModified\":\"2015-06-01T12:44:08+00:00\",\"breadcrumb\":{\"@id\":\"https:\/\/douce-naissance.com\/blog\/#breadcrumb\"},\"inLanguage\":\"fr-FR\",\"potentialAction\":[{\"@type\":\"ReadAction\",\"target\":[\"https:\/\/douce-naissance.com\/blog\/\"]}]},{\"@type\":\"BreadcrumbList\",\"@id\":\"https:\/\/douce-naissance.com\/blog\/#breadcrumb\",\"itemListElement\":[{\"@type\":\"ListItem\",\"position\":1,\"name\":\"Accueil\",\"item\":\"https:\/\/douce-naissance.com\/blog\/\"},{\"@type\":\"ListItem\",\"position\":2,\"name\":\"\u00c0 propos\"}]},{\"@type\":\"WebSite\",\"@id\":\"https:\/\/douce-naissance.com\/blog\/#website\",\"url\":\"https:\/\/douce-naissance.com\/blog\/\",\"name\":\"Accoucher en douceur !\",\"description\":\"Apprenez \u00e0 laisser votre corps faire ce qu&#039;il sait : donner naissance \u00e0 votre b\u00e9b\u00e9.\",\"potentialAction\":[{\"@type\":\"SearchAction\",\"target\":{\"@type\":\"EntryPoint\",\"urlTemplate\":\"https:\/\/douce-naissance.com\/blog\/?s={search_term_string}\"},\"query-input\":\"required name=search_term_string\"}],\"inLanguage\":\"fr-FR\"}]}<\/script>\n<!-- \/ Yoast SEO plugin. -->","yoast_head_json":{"title":"\u00c0 propos","robots":{"index":"index","follow":"follow","max-snippet":"max-snippet:-1","max-image-preview":"max-image-preview:large","max-video-preview":"max-video-preview:-1"},"canonical":"https:\/\/douce-naissance.com\/blog\/","og_locale":"fr_FR","og_type":"article","og_title":"\u00c0 propos","og_description":"Explications de Douce-naissance :\u00a0 En mots Ce que Douce-naissance et Sylvie Guilbault vous apportent En vid\u00e9os :\u00a0 Vid\u00e9o t\u00e9moignages de 3 couples, ayant suivi Douce-naissance Vid\u00e9o d\u2019un accouchement avec Douce-naissance. Vid\u00e9o : entrevue avec Sylvie Guilbault","og_url":"https:\/\/douce-naissance.com\/blog\/","og_site_name":"Accoucher en douceur !","article_modified_time":"2015-06-01T12:44:08+00:00","schema":{"@context":"https:\/\/schema.org","@graph":[{"@type":"WebPage","@id":"https:\/\/douce-naissance.com\/blog\/","url":"https:\/\/douce-naissance.com\/blog\/","name":"\u00c0 propos","isPartOf":{"@id":"https:\/\/douce-naissance.com\/blog\/#website"},"datePublished":"2015-06-01T12:41:14+00:00","dateModified":"2015-06-01T12:44:08+00:00","breadcrumb":{"@id":"https:\/\/douce-naissance.com\/blog\/#breadcrumb"},"inLanguage":"fr-FR","potentialAction":[{"@type":"ReadAction","target":["https:\/\/douce-naissance.com\/blog\/"]}]},{"@type":"BreadcrumbList","@id":"https:\/\/douce-naissance.com\/blog\/#breadcrumb","itemListElement":[{"@type":"ListItem","position":1,"name":"Accueil","item":"https:\/\/douce-naissance.com\/blog\/"},{"@type":"ListItem","position":2,"name":"\u00c0 propos"}]},{"@type":"WebSite","@id":"https:\/\/douce-naissance.com\/blog\/#website","url":"https:\/\/douce-naissance.com\/blog\/","name":"Accoucher en douceur !","description":"Apprenez \u00e0 laisser votre corps faire ce qu&#039;il sait : donner naissance \u00e0 votre b\u00e9b\u00e9.","potentialAction":[{"@type":"SearchAction","target":{"@type":"EntryPoint","urlTemplate":"https:\/\/douce-naissance.com\/blog\/?s={search_term_string}"},"query-input":"required name=search_term_string"}],"inLanguage":"fr-FR"}]}},"_links":{"self":[{"href":"https:\/\/douce-naissance.com\/blog\/wp-json\/wp\/v2\/pages\/517"}],"collection":[{"href":"https:\/\/douce-naissance.com\/blog\/wp-json\/wp\/v2\/pages"}],"about":[{"href":"https:\/\/douce-naissance.com\/blog\/wp-json\/wp\/v2\/types\/page"}],"author":[{"embeddable":true,"href":"https:\/\/douce-naissance.com\/blog\/wp-json\/wp\/v2\/users\/1"}],"replies":[{"embeddable":true,"href":"https:\/\/douce-naissance.com\/blog\/wp-json\/wp\/v2\/comments?post=517"}],"version-history":[{"count":2,"href":"https:\/\/douce-naissance.com\/blog\/wp-json\/wp\/v2\/pages\/517\/revisions"}],"predecessor-version":[{"id":520,"href":"https:\/\/douce-naissance.com\/blog\/wp-json\/wp\/v2\/pages\/517\/revisions\/520"}],"wp:attachment":[{"href":"https:\/\/douce-naissance.com\/blog\/wp-json\/wp\/v2\/media?parent=517"}],"curies":[{"name":"wp","href":"https:\/\/api.w.org\/{rel}","templated":true}]}}