{"id":416,"date":"2015-04-18T17:31:55","date_gmt":"2015-04-18T15:31:55","guid":{"rendered":"http:\/\/douce-naissance.com\/blog\/?page_id=416"},"modified":"2015-04-18T17:44:40","modified_gmt":"2015-04-18T15:44:40","slug":"videos-douce-naissance","status":"publish","type":"page","link":"https:\/\/douce-naissance.com\/blog\/videos-douce-naissance\/","title":{"rendered":"Vid\u00e9os Douce-naissance"},"content":{"rendered":"<h1>Voici des vid\u00e9os de Douce-naissance :\u00a0<\/h1>\n<p><span style=\"color: #0000ff;\"><a style=\"color: #0000ff;\" href=\"https:\/\/douce-naissance.com\/blog\/temoignage-accouchement\/\">Vid\u00e9o t\u00e9moignages de 3 couples, ayant suivi Douce-naissance<\/a><\/span><\/p>\n<p><span style=\"color: #0000ff;\"><a style=\"color: #0000ff;\" href=\"https:\/\/douce-naissance.com\/blog\/video-accouchement\/\">Vid\u00e9o d\u2019une femme qui accouchement avec la pr\u00e9paration Douce-naissance.<\/a><\/span><\/p>\n<p><span style=\"color: #0000ff;\"><a style=\"color: #0000ff;\" href=\"https:\/\/douce-naissance.com\/blog\/sylvie-guilbault\/\">Vid\u00e9o : entrevue avec Sylvie Guilbault<\/a><\/span><\/p>\n<p><span style=\"color: #0000ff;\"><a style=\"color: #0000ff;\" href=\"https:\/\/douce-naissance.com\/blog\/videos-douce-naissance\/conference-douce-naissance\/\" target=\"_blank\">Vid\u00e9o : mini conf\u00e9rence pour pr\u00e9senter Douce-naissance<\/a> : \u00e0 venir<\/span><\/p>\n<p>&nbsp;<\/p>\n","protected":false},"excerpt":{"rendered":"<p>Voici des vid\u00e9os de Douce-naissance :\u00a0 Vid\u00e9o t\u00e9moignages de 3 couples, ayant suivi Douce-naissance Vid\u00e9o d\u2019une femme qui accouchement avec la pr\u00e9paration Douce-naissance. Vid\u00e9o : entrevue avec Sylvie Guilbault Vid\u00e9o : mini conf\u00e9rence pour pr\u00e9senter Douce-naissance : \u00e0 venir &nbsp;<\/p>\n","protected":false},"author":1,"featured_media":0,"parent":0,"menu_order":0,"comment_status":"open","ping_status":"open","template":"","meta":{"footnotes":""},"yoast_head":"<!-- This site is optimized with the Yoast SEO plugin v22.6 - https:\/\/yoast.com\/wordpress\/plugins\/seo\/ -->\n<title>Vid\u00e9o Douce-naissance<\/title>\n<meta name=\"description\" content=\"Visionner des vid\u00e9os Douce-naissance pour une tout autre vision de l&#039;accouchement.\" \/>\n<meta name=\"robots\" content=\"index, follow, max-snippet:-1, max-image-preview:large, max-video-preview:-1\" \/>\n<link rel=\"canonical\" href=\"https:\/\/douce-naissance.com\/blog\/videos-douce-naissance\/\" \/>\n<meta property=\"og:locale\" content=\"fr_FR\" \/>\n<meta property=\"og:type\" content=\"article\" \/>\n<meta property=\"og:title\" content=\"Vid\u00e9o Douce-naissance\" \/>\n<meta property=\"og:description\" content=\"Visionner des vid\u00e9os Douce-naissance pour une tout autre vision de l&#039;accouchement.\" \/>\n<meta property=\"og:url\" content=\"https:\/\/douce-naissance.com\/blog\/videos-douce-naissance\/\" \/>\n<meta property=\"og:site_name\" content=\"Accoucher en douceur !\" \/>\n<meta property=\"article:modified_time\" content=\"2015-04-18T15:44:40+00:00\" \/>\n<script type=\"application\/ld+json\" class=\"yoast-schema-graph\">{\"@context\":\"https:\/\/schema.org\",\"@graph\":[{\"@type\":\"WebPage\",\"@id\":\"https:\/\/douce-naissance.com\/blog\/videos-douce-naissance\/\",\"url\":\"https:\/\/douce-naissance.com\/blog\/videos-douce-naissance\/\",\"name\":\"Vid\u00e9o Douce-naissance\",\"isPartOf\":{\"@id\":\"https:\/\/douce-naissance.com\/blog\/#website\"},\"datePublished\":\"2015-04-18T15:31:55+00:00\",\"dateModified\":\"2015-04-18T15:44:40+00:00\",\"description\":\"Visionner des vid\u00e9os Douce-naissance pour une tout autre vision de l'accouchement.\",\"breadcrumb\":{\"@id\":\"https:\/\/douce-naissance.com\/blog\/videos-douce-naissance\/#breadcrumb\"},\"inLanguage\":\"fr-FR\",\"potentialAction\":[{\"@type\":\"ReadAction\",\"target\":[\"https:\/\/douce-naissance.com\/blog\/videos-douce-naissance\/\"]}]},{\"@type\":\"BreadcrumbList\",\"@id\":\"https:\/\/douce-naissance.com\/blog\/videos-douce-naissance\/#breadcrumb\",\"itemListElement\":[{\"@type\":\"ListItem\",\"position\":1,\"name\":\"Accueil\",\"item\":\"https:\/\/douce-naissance.com\/blog\/\"},{\"@type\":\"ListItem\",\"position\":2,\"name\":\"Vid\u00e9os Douce-naissance\"}]},{\"@type\":\"WebSite\",\"@id\":\"https:\/\/douce-naissance.com\/blog\/#website\",\"url\":\"https:\/\/douce-naissance.com\/blog\/\",\"name\":\"Accoucher en douceur !\",\"description\":\"Apprenez \u00e0 laisser votre corps faire ce qu&#039;il sait : donner naissance \u00e0 votre b\u00e9b\u00e9.\",\"potentialAction\":[{\"@type\":\"SearchAction\",\"target\":{\"@type\":\"EntryPoint\",\"urlTemplate\":\"https:\/\/douce-naissance.com\/blog\/?s={search_term_string}\"},\"query-input\":\"required name=search_term_string\"}],\"inLanguage\":\"fr-FR\"}]}<\/script>\n<!-- \/ Yoast SEO plugin. -->","yoast_head_json":{"title":"Vid\u00e9o Douce-naissance","description":"Visionner des vid\u00e9os Douce-naissance pour une tout autre vision de l'accouchement.","robots":{"index":"index","follow":"follow","max-snippet":"max-snippet:-1","max-image-preview":"max-image-preview:large","max-video-preview":"max-video-preview:-1"},"canonical":"https:\/\/douce-naissance.com\/blog\/videos-douce-naissance\/","og_locale":"fr_FR","og_type":"article","og_title":"Vid\u00e9o Douce-naissance","og_description":"Visionner des vid\u00e9os Douce-naissance pour une tout autre vision de l'accouchement.","og_url":"https:\/\/douce-naissance.com\/blog\/videos-douce-naissance\/","og_site_name":"Accoucher en douceur !","article_modified_time":"2015-04-18T15:44:40+00:00","schema":{"@context":"https:\/\/schema.org","@graph":[{"@type":"WebPage","@id":"https:\/\/douce-naissance.com\/blog\/videos-douce-naissance\/","url":"https:\/\/douce-naissance.com\/blog\/videos-douce-naissance\/","name":"Vid\u00e9o Douce-naissance","isPartOf":{"@id":"https:\/\/douce-naissance.com\/blog\/#website"},"datePublished":"2015-04-18T15:31:55+00:00","dateModified":"2015-04-18T15:44:40+00:00","description":"Visionner des vid\u00e9os Douce-naissance pour une tout autre vision de l'accouchement.","breadcrumb":{"@id":"https:\/\/douce-naissance.com\/blog\/videos-douce-naissance\/#breadcrumb"},"inLanguage":"fr-FR","potentialAction":[{"@type":"ReadAction","target":["https:\/\/douce-naissance.com\/blog\/videos-douce-naissance\/"]}]},{"@type":"BreadcrumbList","@id":"https:\/\/douce-naissance.com\/blog\/videos-douce-naissance\/#breadcrumb","itemListElement":[{"@type":"ListItem","position":1,"name":"Accueil","item":"https:\/\/douce-naissance.com\/blog\/"},{"@type":"ListItem","position":2,"name":"Vid\u00e9os Douce-naissance"}]},{"@type":"WebSite","@id":"https:\/\/douce-naissance.com\/blog\/#website","url":"https:\/\/douce-naissance.com\/blog\/","name":"Accoucher en douceur !","description":"Apprenez \u00e0 laisser votre corps faire ce qu&#039;il sait : donner naissance \u00e0 votre b\u00e9b\u00e9.","potentialAction":[{"@type":"SearchAction","target":{"@type":"EntryPoint","urlTemplate":"https:\/\/douce-naissance.com\/blog\/?s={search_term_string}"},"query-input":"required name=search_term_string"}],"inLanguage":"fr-FR"}]}},"_links":{"self":[{"href":"https:\/\/douce-naissance.com\/blog\/wp-json\/wp\/v2\/pages\/416"}],"collection":[{"href":"https:\/\/douce-naissance.com\/blog\/wp-json\/wp\/v2\/pages"}],"about":[{"href":"https:\/\/douce-naissance.com\/blog\/wp-json\/wp\/v2\/types\/page"}],"author":[{"embeddable":true,"href":"https:\/\/douce-naissance.com\/blog\/wp-json\/wp\/v2\/users\/1"}],"replies":[{"embeddable":true,"href":"https:\/\/douce-naissance.com\/blog\/wp-json\/wp\/v2\/comments?post=416"}],"version-history":[{"count":5,"href":"https:\/\/douce-naissance.com\/blog\/wp-json\/wp\/v2\/pages\/416\/revisions"}],"predecessor-version":[{"id":425,"href":"https:\/\/douce-naissance.com\/blog\/wp-json\/wp\/v2\/pages\/416\/revisions\/425"}],"wp:attachment":[{"href":"https:\/\/douce-naissance.com\/blog\/wp-json\/wp\/v2\/media?parent=416"}],"curies":[{"name":"wp","href":"https:\/\/api.w.org\/{rel}","templated":true}]}}